{"id":642,"date":"2024-05-06T15:12:07","date_gmt":"2024-05-06T15:12:07","guid":{"rendered":"https:\/\/rumisigorta.com\/wp\/?page_id=642"},"modified":"2024-12-05T17:29:27","modified_gmt":"2024-12-05T17:29:27","slug":"dask-deprem-sigortasi","status":"publish","type":"page","link":"https:\/\/rumisigorta.com\/?page_id=642","title":{"rendered":"Dask (Deprem) Sigortas\u0131"},"content":{"rendered":"\t\t<div data-elementor-type=\"wp-page\" data-elementor-id=\"642\" class=\"elementor elementor-642\" data-elementor-post-type=\"page\">\n\t\t\t\t<div class=\"elementor-element elementor-element-d786fb7 e-flex e-con-boxed e-con e-parent\" data-id=\"d786fb7\" data-element_type=\"container\" data-e-type=\"container\">\n\t\t\t\t\t<div class=\"e-con-inner\">\n\t\t<div class=\"elementor-element elementor-element-0ab82ef e-con-full e-flex e-con e-child\" data-id=\"0ab82ef\" data-element_type=\"container\" data-e-type=\"container\">\n\t\t\t\t<div class=\"elementor-element elementor-element-6fb4d2c elementor-widget elementor-widget-heading\" data-id=\"6fb4d2c\" data-element_type=\"widget\" data-e-type=\"widget\" data-widget_type=\"heading.default\">\n\t\t\t\t<div class=\"elementor-widget-container\">\n\t\t\t\t\t<h2 class=\"elementor-heading-title elementor-size-default\">Dask (Deprem) Sigortas\u0131<\/h2>\t\t\t\t<\/div>\n\t\t\t\t<\/div>\n\t\t\t\t<\/div>\n\t\t\t\t\t<\/div>\n\t\t\t\t<\/div>\n\t\t<div class=\"elementor-element elementor-element-06e684d e-flex e-con-boxed e-con e-parent\" data-id=\"06e684d\" data-element_type=\"container\" data-e-type=\"container\" data-settings=\"{&quot;background_background&quot;:&quot;classic&quot;}\">\n\t\t\t\t\t<div class=\"e-con-inner\">\n\t\t<div class=\"elementor-element elementor-element-25f1469 e-flex e-con-boxed e-con e-child\" data-id=\"25f1469\" data-element_type=\"container\" data-e-type=\"container\">\n\t\t\t\t\t<div class=\"e-con-inner\">\n\t\t\t\t<div class=\"elementor-element elementor-element-31b975f elementor-widget elementor-widget-sidebar\" data-id=\"31b975f\" data-element_type=\"widget\" data-e-type=\"widget\" data-widget_type=\"sidebar.default\">\n\t\t\t\t<div class=\"elementor-widget-container\">\n\t\t\t\t\t<section id=\"block-14\" class=\"widget widget_block widget_text\">\n<p class=\"has-theme-palette-7-color has-text-color has-link-color wp-elements-0707766ca0138cdc5162271a0a2fca0e\"><strong><font color=\"d1d3d4\" style=\"font-size: 13pt\">Hizmetlerimiz<\/font><\/strong> <font color=\"d1d3d4\"><br><a href=\"https:\/\/rumisigorta.com\/?page_id=593\"><font color=\"d1d3d4\" style=\"font-size: 12pt\">Trafik Sigortas\u0131<\/font><\/a>\t\t\t<font color=\"d1d3d4\"><br><a href=\"https:\/\/rumisigorta.com\/?page_id=629\"><font color=\"d1d3d4\">Kasko Sigortas\u0131<\/font><\/a><font color=\"d1d3d4\"><br><a href=\"https:\/\/rumisigorta.com\/?page_id=634\"><font color=\"d1d3d4\">Tamamlay\u0131c\u0131 Sa\u011fl\u0131k Sigortas\u0131<\/font><\/a><font color=\"d1d3d4\"><br><a href=\"https:\/\/rumisigorta.com\/?page_id=642\"><font color=\"d1d3d4\">Dask (Deprem) Sigortas\u0131<\/font><\/a><font color=\"d1d3d4\"><br><a href=\"https:\/\/rumisigorta.com\/?page_id=650\"><font color=\"d1d3d4\">Konut Sigortas\u0131<\/font><\/a><font color=\"d1d3d4\"><br><a href=\"https:\/\/rumisigorta.com\/?page_id=655\"><font color=\"d1d3d4\">\u0130\u015fyeri Sigortas\u0131<\/font><\/a><font color=\"d1d3d4\"><br><a href=\"https:\/\/rumisigorta.com\/?page_id=660\"><font color=\"d1d3d4\">Ferdi Kaza Sigortas\u0131<\/font><\/a><font color=\"d1d3d4\"><br><a href=\"https:\/\/rumisigorta.com\/?page_id=665\"><font color=\"d1d3d4\">Seyahat Sa\u011fl\u0131k Sigortas\u0131<\/font><\/a><font color=\"d1d3d4\"><br><\/font><a href=\"https:\/\/rumisigorta.com\/?page_id=670\"><font color=\"d1d3d4\">Bireysel Emeklilik<\/font><\/a><font color=\"d1d3d4\"><br><\/font><\/font><\/font><\/font><\/font><\/font><\/font><\/font><\/font><\/p>\n<\/section>\t\t\t\t<\/div>\n\t\t\t\t<\/div>\n\t\t\t\t\t<\/div>\n\t\t\t\t<\/div>\n\t\t<div class=\"elementor-element elementor-element-e50ec78 e-flex e-con-boxed e-con e-child\" data-id=\"e50ec78\" data-element_type=\"container\" data-e-type=\"container\">\n\t\t\t\t\t<div class=\"e-con-inner\">\n\t\t\t\t<div class=\"elementor-element elementor-element-d61204e elementor-widget elementor-widget-heading\" data-id=\"d61204e\" data-element_type=\"widget\" data-e-type=\"widget\" data-widget_type=\"heading.default\">\n\t\t\t\t<div class=\"elementor-widget-container\">\n\t\t\t\t\t<h2 class=\"elementor-heading-title elementor-size-default\">Zorunlu Deprem Sigortas\u0131<\/h2>\t\t\t\t<\/div>\n\t\t\t\t<\/div>\n\t\t\t\t<div class=\"elementor-element elementor-element-b855a4c elementor-widget elementor-widget-text-editor\" data-id=\"b855a4c\" data-element_type=\"widget\" data-e-type=\"widget\" data-widget_type=\"text-editor.default\">\n\t\t\t\t<div class=\"elementor-widget-container\">\n\t\t\t\t\t\t\t\t\t<p>DASK (Do\u011fal Afet Sigortalar\u0131 Kurumu) k\u00e2r amac\u0131 g\u00fctmeyen ve i\u015flerini sigorta tekniklerine uygun olarak ger\u00e7ekle\u015ftirip y\u00f6neten bir kurumdur. Bu kurum 7 ki\u015filik bir heyet taraf\u0131ndan y\u00f6netilir. DASK\u2019 \u0131n denetimi ise Hazine M\u00fcste\u015farl\u0131\u011f\u0131 taraf\u0131ndan yap\u0131l\u0131r.<\/p><p><strong>Rumi Sigorta<\/strong>\u00a0olarak DASK poli\u00e7elerinin olu\u015fturulmas\u0131 noktas\u0131nda sizlere; h\u0131zl\u0131, g\u00fcvenli ve hep ileti\u015fimde kalarak yard\u0131mc\u0131 oluyoruz.<\/p>\t\t\t\t\t\t\t\t<\/div>\n\t\t\t\t<\/div>\n\t\t\t\t<div class=\"elementor-element elementor-element-a83e7b6 elementor-widget elementor-widget-sina_dynamic_button\" data-id=\"a83e7b6\" data-element_type=\"widget\" data-e-type=\"widget\" data-widget_type=\"sina_dynamic_button.default\">\n\t\t\t\t<div class=\"elementor-widget-container\">\n\t\t\t\t\t\t\t<div class=\"sina-dynamic-button\">\r\n\t\t\t<a  class=\"sina-dynamic-btn  sina-anim-zooming sina-hv-door-v\" href=\"https:\/\/rumisigorta.com\/download\/kazatespit.pdf\"\r\n\t\t\t\t\t\t\t\t\t\t\t\t>\r\n\t\t\t\t\t\t\tKaza Tespit Tutana\u011f\u0131\t\t\t\t\t<i class=\"fa fa-cloud-download sina-icon-right\"><\/i>\r\n\t\t\t\t\t\t<\/a>\r\n\t\t<\/div><!-- .sina-dynamic-button -->\r\n\t\t\t\t\t\t<\/div>\n\t\t\t\t<\/div>\n\t\t\t\t\t<\/div>\n\t\t\t\t<\/div>\n\t\t\t\t\t<\/div>\n\t\t\t\t<\/div>\n\t\t<div class=\"elementor-element elementor-element-4e89e0e e-flex e-con-boxed e-con e-parent\" data-id=\"4e89e0e\" data-element_type=\"container\" data-e-type=\"container\" data-settings=\"{&quot;background_background&quot;:&quot;classic&quot;}\">\n\t\t\t\t\t<div class=\"e-con-inner\">\n\t\t<div class=\"elementor-element elementor-element-0fd64c6 e-flex e-con-boxed e-con e-child\" data-id=\"0fd64c6\" data-element_type=\"container\" data-e-type=\"container\">\n\t\t\t\t\t<div class=\"e-con-inner\">\n\t\t\t\t<div class=\"elementor-element elementor-element-c63f607 elementor-widget elementor-widget-heading\" data-id=\"c63f607\" data-element_type=\"widget\" data-e-type=\"widget\" data-widget_type=\"heading.default\">\n\t\t\t\t<div class=\"elementor-widget-container\">\n\t\t\t\t\t<h4 class=\"elementor-heading-title elementor-size-default\">Dask Teklifi i\u00e7in l\u00fctfen formu doldurunuz...<\/h4>\t\t\t\t<\/div>\n\t\t\t\t<\/div>\n\t\t\t\t<div class=\"elementor-element elementor-element-66ce2d7 elementor-widget elementor-widget-shortcode\" data-id=\"66ce2d7\" data-element_type=\"widget\" data-e-type=\"widget\" data-widget_type=\"shortcode.default\">\n\t\t\t\t<div class=\"elementor-widget-container\">\n\t\t\t\t\t\t\t<div class=\"elementor-shortcode\">\n<div class=\"wpcf7 no-js\" id=\"wpcf7-f313-o1\" lang=\"tr-TR\" dir=\"ltr\" data-wpcf7-id=\"313\">\n<div class=\"screen-reader-response\"><p role=\"status\" aria-live=\"polite\" aria-atomic=\"true\"><\/p> <ul><\/ul><\/div>\n<form action=\"\/index.php?rest_route=%2Fwp%2Fv2%2Fpages%2F642#wpcf7-f313-o1\" method=\"post\" class=\"wpcf7-form init\" aria-label=\"\u0130leti\u015fim Formu\" novalidate=\"novalidate\" data-status=\"init\">\n<fieldset class=\"hidden-fields-container\"><input type=\"hidden\" name=\"_wpcf7\" value=\"313\" \/><input type=\"hidden\" name=\"_wpcf7_version\" value=\"6.1.5\" \/><input type=\"hidden\" name=\"_wpcf7_locale\" value=\"tr_TR\" \/><input type=\"hidden\" name=\"_wpcf7_unit_tag\" value=\"wpcf7-f313-o1\" \/><input type=\"hidden\" name=\"_wpcf7_container_post\" value=\"0\" \/><input type=\"hidden\" name=\"_wpcf7_posted_data_hash\" value=\"\" \/><input type=\"hidden\" name=\"_wpcf7_recaptcha_response\" value=\"\" \/>\n<\/fieldset>\n<div class=\"clearfix\">\n\t<div id=\"left\">\n\t\t<p><span class=\"wpcf7-form-control-wrap\" data-name=\"your-name\"><input size=\"40\" maxlength=\"400\" class=\"wpcf7-form-control wpcf7-text wpcf7-validates-as-required\" autocomplete=\"name\" aria-required=\"true\" aria-invalid=\"false\" placeholder=\"Ad\u0131n\u0131z Soyad\u0131n\u0131z *\" value=\"\" type=\"text\" name=\"your-name\" \/><\/span>\n\t\t<\/p>\n\t\t<p><span class=\"wpcf7-form-control-wrap\" data-name=\"your-tckimlik\"><input size=\"40\" maxlength=\"400\" class=\"wpcf7-form-control wpcf7-text wpcf7-validates-as-required\" autocomplete=\"name\" aria-required=\"true\" aria-invalid=\"false\" placeholder=\"T.C. Kimlik No *\" value=\"\" type=\"text\" name=\"your-tckimlik\" \/><\/span>\n\t\t<\/p>\n\t\t<p><span class=\"wpcf7-form-control-wrap\" data-name=\"tel-808\"><input size=\"40\" maxlength=\"400\" class=\"wpcf7-form-control wpcf7-tel wpcf7-validates-as-required wpcf7-text wpcf7-validates-as-tel\" aria-required=\"true\" aria-invalid=\"false\" placeholder=\"Telefon Numaras\u0131 *\" value=\"\" type=\"tel\" name=\"tel-808\" \/><\/span>\n\t\t<\/p>\n\t\t<p><span class=\"wpcf7-form-control-wrap\" data-name=\"textarea-355\"><textarea cols=\"40\" rows=\"10\" maxlength=\"2000\" class=\"wpcf7-form-control wpcf7-textarea wpcf7-validates-as-required\" autocomplete=\"name\" aria-required=\"true\" aria-invalid=\"false\" placeholder=\"Adres *\" name=\"textarea-355\"><\/textarea><\/span>\n\t\t<\/p>\n\t<\/div>\n\t<div id=\"right\">\n\t\t<p><span class=\"wpcf7-form-control-wrap\" data-name=\"your-email\"><input size=\"40\" maxlength=\"400\" class=\"wpcf7-form-control wpcf7-email wpcf7-validates-as-required wpcf7-text wpcf7-validates-as-email\" autocomplete=\"email\" aria-required=\"true\" aria-invalid=\"false\" placeholder=\"E-Posta Adresiniz *\" value=\"\" type=\"email\" name=\"your-email\" \/><\/span>\n\t\t<\/p>\n\t\t<p><span class=\"wpcf7-form-control-wrap\" data-name=\"number-620\"><input class=\"wpcf7-form-control wpcf7-number wpcf7-validates-as-required wpcf7-validates-as-number\" aria-required=\"true\" aria-invalid=\"false\" placeholder=\"Bina Metre Karesi\" value=\"\" type=\"number\" name=\"number-620\" \/><\/span>\n\t\t<\/p>\n\t\t<p><span class=\"wpcf7-form-control-wrap\" data-name=\"number-621\"><input class=\"wpcf7-form-control wpcf7-number wpcf7-validates-as-required wpcf7-validates-as-number\" aria-required=\"true\" aria-invalid=\"false\" placeholder=\"Bina Ya\u015f\u0131\" value=\"\" type=\"number\" name=\"number-621\" \/><\/span>\n\t\t<\/p>\n\t\t<p><span class=\"wpcf7-form-control-wrap\" data-name=\"number-622\"><input class=\"wpcf7-form-control wpcf7-number wpcf7-validates-as-required wpcf7-validates-as-number\" aria-required=\"true\" aria-invalid=\"false\" placeholder=\"Bina Kat Say\u0131s\u0131\" value=\"\" type=\"number\" name=\"number-622\" \/><\/span>\n\t\t<\/p>\n\t<\/div>\n<\/div>\n<p><span class=\"wpcf7-form-control-wrap\" data-name=\"acceptance-107\"><span class=\"wpcf7-form-control wpcf7-acceptance\"><span class=\"wpcf7-list-item\"><label><input type=\"checkbox\" name=\"acceptance-107\" value=\"1\" aria-invalid=\"false\" \/><span class=\"wpcf7-list-item-label\"><font color=\"White\">Bu formu doldururken<\/font> <a style=\"color:#33AFFF;\" href=\"https:\/\/rumisigorta.com\/wp\/?page_id=453\" target=\"_blank\" >KVKK<\/a><font color=\"White\"> okudu\u011fumu ve <\/font><a style=\"color:#33AFFF;\" href=\"https:\/\/rumisigorta.com\/wp\/?page_id=464\" target=\"_blank\" >\u00c7erez Politikas\u0131<\/a><font color=\"White\">' n\u0131 kabul etti\u011fimi onayl\u0131yorum.<\/font><\/span><\/label><\/span><\/span><\/span>\n<\/p>\n<p>\n<span class=\"wpcf7-form-control-wrap recaptcha\" data-name=\"recaptcha\"><span data-sitekey=\"6Le8Z9EpAAAAALf2Sb1n4n4qJ0oRv61YHWcfNG7h\" class=\"wpcf7-form-control wpcf7-recaptcha g-recaptcha\"><\/span>\r\n<noscript>\r\n\t<div class=\"grecaptcha-noscript\">\r\n\t\t<iframe src=\"https:\/\/www.google.com\/recaptcha\/api\/fallback?k=6Le8Z9EpAAAAALf2Sb1n4n4qJ0oRv61YHWcfNG7h\" frameborder=\"0\" scrolling=\"no\" width=\"310\" height=\"430\">\r\n\t\t<\/iframe>\r\n\t\t<textarea name=\"g-recaptcha-response\" rows=\"3\" cols=\"40\" placeholder=\"reCaptcha Response Here\">\r\n\t\t<\/textarea>\r\n\t<\/div>\r\n<\/noscript>\r\n<\/span>\n<\/p>\n<p><input class=\"wpcf7-form-control wpcf7-submit has-spinner\" type=\"submit\" value=\"G\u00f6nder\" \/>\n<\/p><div class=\"wpcf7-response-output\" aria-hidden=\"true\"><\/div>\n<\/form>\n<\/div>\n<\/div>\n\t\t\t\t\t\t<\/div>\n\t\t\t\t<\/div>\n\t\t\t\t\t<\/div>\n\t\t\t\t<\/div>\n\t\t\t\t\t<\/div>\n\t\t\t\t<\/div>\n\t\t\t\t<\/div>\n\t\t","protected":false},"excerpt":{"rendered":"<p>Dask (Deprem) Sigortas\u0131 Zorunlu Deprem Sigortas\u0131 DASK (Do\u011fal Afet Sigortalar\u0131 Kurumu) k\u00e2r amac\u0131 g\u00fctmeyen ve i\u015flerini sigorta tekniklerine uygun olarak ger\u00e7ekle\u015ftirip y\u00f6neten bir kurumdur. Bu kurum 7 ki\u015filik bir heyet taraf\u0131ndan y\u00f6netilir. DASK\u2019 \u0131n denetimi ise Hazine M\u00fcste\u015farl\u0131\u011f\u0131 taraf\u0131ndan yap\u0131l\u0131r. Rumi Sigorta\u00a0olarak DASK poli\u00e7elerinin olu\u015fturulmas\u0131 noktas\u0131nda sizlere; h\u0131zl\u0131, g\u00fcvenli ve hep ileti\u015fimde kalarak yard\u0131mc\u0131 oluyoruz&#8230;.<\/p>\n","protected":false},"author":1,"featured_media":0,"parent":0,"menu_order":0,"comment_status":"closed","ping_status":"closed","template":"","meta":{"_kad_post_transparent":"","_kad_post_title":"hide","_kad_post_layout":"fullwidth","_kad_post_sidebar_id":"","_kad_post_content_style":"unboxed","_kad_post_vertical_padding":"hide","_kad_post_feature":"hide","_kad_post_feature_position":"","_kad_post_header":false,"_kad_post_footer":false,"_kad_post_classname":"","_joinchat":[],"footnotes":""},"class_list":["post-642","page","type-page","status-publish","hentry"],"_links":{"self":[{"href":"https:\/\/rumisigorta.com\/index.php?rest_route=\/wp\/v2\/pages\/642","targetHints":{"allow":["GET"]}}],"collection":[{"href":"https:\/\/rumisigorta.com\/index.php?rest_route=\/wp\/v2\/pages"}],"about":[{"href":"https:\/\/rumisigorta.com\/index.php?rest_route=\/wp\/v2\/types\/page"}],"author":[{"embeddable":true,"href":"https:\/\/rumisigorta.com\/index.php?rest_route=\/wp\/v2\/users\/1"}],"replies":[{"embeddable":true,"href":"https:\/\/rumisigorta.com\/index.php?rest_route=%2Fwp%2Fv2%2Fcomments&post=642"}],"version-history":[{"count":16,"href":"https:\/\/rumisigorta.com\/index.php?rest_route=\/wp\/v2\/pages\/642\/revisions"}],"predecessor-version":[{"id":826,"href":"https:\/\/rumisigorta.com\/index.php?rest_route=\/wp\/v2\/pages\/642\/revisions\/826"}],"wp:attachment":[{"href":"https:\/\/rumisigorta.com\/index.php?rest_route=%2Fwp%2Fv2%2Fmedia&parent=642"}],"curies":[{"name":"wp","href":"https:\/\/api.w.org\/{rel}","templated":true}]}}